{"id":7432,"date":"2018-05-12T15:30:59","date_gmt":"2018-05-12T21:30:59","guid":{"rendered":"https:\/\/cinnamonandcoriander.com\/?page_id=7432"},"modified":"2024-10-24T12:58:54","modified_gmt":"2024-10-24T18:58:54","slug":"impressum","status":"publish","type":"page","link":"https:\/\/cinnamonandcoriander.com\/de\/impressum\/","title":{"rendered":"Impressum"},"content":{"rendered":"<p>IMPRESSUM<br \/>\nAngaben gem\u00e4\u00df \u00a7 5 TMG<br \/>\nUlrike (Kiki) \u00dcberacker<br \/>\nRichard Wagnerstrasse 31<br \/>\nKontakt<br \/>\nE-Mail: info@cinnamonandcoriander.com<\/p>\n<p>Telefon: 01 4036087347<br \/>\nInternetadresse: https:\/\/cinnamonandcoriander.com<\/p>\n<p>\u00a9 Texte und Bilder von cinnamonandcoriander.com<br \/>\nSofern nicht anders angegeben, sind alle Bilder und Texte auf diesem Blog Eigentum der Autorin und d\u00fcrfen nicht ohne vorherige Zustimmung verwendet werden. Trotz sorgf\u00e4ltiger \u00dcberpr\u00fcfung \u00fcbernehme ich keine Haftung f\u00fcr die Inhalte externer Links. F\u00fcr den Inhalt verlinkter Seiten sind ausschlie\u00dflich deren Betreiber verantwortlich.<\/p>\n<p>Haftung f\u00fcr Inhalte<br \/>\nDie Inhalte unserer Seiten wurden mit gr\u00f6\u00dfter Sorgfalt erstellt. F\u00fcr die Richtigkeit, Vollst\u00e4ndigkeit und Aktualit\u00e4t der Inhalte k\u00f6nnen wir jedoch keine Gew\u00e4hr \u00fcbernehmen. Als Diensteanbieter sind wir gem\u00e4\u00df \u00a7 7 Abs.1 TMG f\u00fcr eigene Inhalte auf diesen Seiten nach den allgemeinen Gesetzen verantwortlich. Nach \u00a7\u00a7 8 bis 10 TMG sind wir als Diensteanbieter jedoch nicht verpflichtet, \u00fcbermittelte oder gespeicherte fremde Informationen zu \u00fcberwachen oder nach Umst\u00e4nden zu forschen, die auf eine rechtswidrige T\u00e4tigkeit hinweisen. Verpflichtungen zur Entfernung oder Sperrung der Nutzung von Informationen nach den allgemeinen Gesetzen bleiben hiervon unber\u00fchrt. Eine diesbez\u00fcgliche Haftung ist jedoch erst ab dem Zeitpunkt der Kenntnis einer konkreten Rechtsverletzung m\u00f6glich. Bei Bekanntwerden von entsprechenden Rechtsverletzungen werden wir diese Inhalte umgehend entfernen.<\/p>\n<p>Haftung f\u00fcr Links<br \/>\nUnser Angebot enth\u00e4lt Links zu externen Webseiten Dritter, auf deren Inhalte wir keinen Einfluss haben. Deshalb k\u00f6nnen wir f\u00fcr diese fremden Inhalte auch keine Gew\u00e4hr \u00fcbernehmen. F\u00fcr die Inhalte der verlinkten Seiten ist stets der jeweilige Anbieter oder Betreiber der Seiten verantwortlich. Die verlinkten Seiten wurden zum Zeitpunkt der Verlinkung auf m\u00f6gliche Rechtsverst\u00f6\u00dfe \u00fcberpr\u00fcft. Rechtswidrige Inhalte waren zum Zeitpunkt der Verlinkung nicht erkennbar. Eine permanente inhaltliche Kontrolle der verlinkten Seiten ist jedoch ohne konkrete Anhaltspunkte einer Rechtsverletzung nicht zumutbar. Bei Bekanntwerden von Rechtsverletzungen werden wir derartige Links umgehend entfernen.<\/p>\n<p>Urheberrecht<br \/>\nDie durch die Seitenbetreiber erstellten bzw. verwendeten Inhalte und Werke auf diesen Seiten unterliegen dem deutschen Urheberrecht. Die Vervielf\u00e4ltigung, Bearbeitung, Verbreitung und jede Art der Verwertung au\u00dferhalb der Grenzen des Urheberrechtes bed\u00fcrfen der Zustimmung des jeweiligen Autors bzw. Erstellers. Downloads und Kopien dieser Seite sind nur f\u00fcr den privaten, nicht kommerziellen Gebrauch gestattet. Soweit die Inhalte auf dieser Seite nicht vom Betreiber erstellt wurden, werden die Urheberrechte Dritter beachtet. Insbesondere werden Inhalte Dritter als solche gekennzeichnet. Sollten Sie trotzdem auf eine Urheberrechtsverletzung aufmerksam werden, bitten wir um einen entsprechenden Hinweis. Bei Bekanntwerden von Rechtsverletzungen werden wir derartige Inhalte umgehend entfernen<\/p>\n","protected":false},"excerpt":{"rendered":"<p>IMPRESSUM Angaben gem\u00e4\u00df \u00a7 5 TMG Ulrike (Kiki) \u00dcberacker Richard Wagnerstrasse 31 Kontakt E-Mail: info@cinnamonandcoriander.com&#8230;<\/p>\n","protected":false},"author":1,"featured_media":0,"parent":0,"menu_order":0,"comment_status":"closed","ping_status":"closed","template":"","meta":{"wprm-recipe-roundup-name":"","wprm-recipe-roundup-description":"","_kadence_starter_templates_imported_post":false,"_kad_post_transparent":"","_kad_post_title":"","_kad_post_layout":"","_kad_post_sidebar_id":"","_kad_post_content_style":"","_kad_post_vertical_padding":"","_kad_post_feature":"","_kad_post_feature_position":"","_kad_post_header":false,"_kad_post_footer":false,"_kad_post_classname":"","footnotes":""},"class_list":["post-7432","page","type-page","status-publish","hentry"],"yoast_head":"<!-- This site is optimized with the Yoast SEO plugin v27.3 - https:\/\/yoast.com\/product\/yoast-seo-wordpress\/ -->\n<title>Impressum - Cinnamon&amp;Coriander<\/title>\n<meta name=\"description\" content=\"IMPRESSUM Angaben gem\u00e4\u00df \u00a7 5 TMG Ulrike (Kiki) \u00dcberacker Richard Wagnerstrasse 31 Kontakt E-Mail: info@cinnamonandcoriander.com Telefon: 01 4036087347\" \/>\n<meta name=\"robots\" content=\"noindex, nofollow\" \/>\n<meta property=\"og:locale\" content=\"de_DE\" \/>\n<meta property=\"og:type\" content=\"article\" \/>\n<meta property=\"og:title\" content=\"Impressum - Cinnamon&amp;Coriander\" \/>\n<meta property=\"og:description\" content=\"IMPRESSUM Angaben gem\u00e4\u00df \u00a7 5 TMG Ulrike (Kiki) \u00dcberacker Richard Wagnerstrasse 31 Kontakt E-Mail: info@cinnamonandcoriander.com Telefon: 01 4036087347\" \/>\n<meta property=\"og:url\" content=\"https:\/\/cinnamonandcoriander.com\/de\/impressum\/\" \/>\n<meta property=\"og:site_name\" content=\"Cinnamon&amp;Coriander\" \/>\n<meta property=\"article:publisher\" content=\"https:\/\/www.facebook.com\/cinnamonandcoriander\/\" \/>\n<meta property=\"article:modified_time\" content=\"2024-10-24T18:58:54+00:00\" \/>\n<meta name=\"twitter:card\" content=\"summary_large_image\" \/>\n<meta name=\"twitter:label1\" content=\"Gesch\u00e4tzte Lesezeit\" \/>\n\t<meta name=\"twitter:data1\" content=\"2\u00a0Minuten\" \/>\n<script type=\"application\/ld+json\" class=\"yoast-schema-graph\">{\"@context\":\"https:\\\/\\\/schema.org\",\"@graph\":[{\"@type\":\"WebPage\",\"@id\":\"https:\\\/\\\/cinnamonandcoriander.com\\\/de\\\/impressum\\\/\",\"url\":\"https:\\\/\\\/cinnamonandcoriander.com\\\/de\\\/impressum\\\/\",\"name\":\"Impressum - Cinnamon&amp;Coriander\",\"isPartOf\":{\"@id\":\"https:\\\/\\\/cinnamonandcoriander.com\\\/de\\\/#website\"},\"datePublished\":\"2018-05-12T21:30:59+00:00\",\"dateModified\":\"2024-10-24T18:58:54+00:00\",\"description\":\"IMPRESSUM Angaben gem\u00e4\u00df \u00a7 5 TMG Ulrike (Kiki) \u00dcberacker Richard Wagnerstrasse 31 Kontakt E-Mail: info@cinnamonandcoriander.com Telefon: 01 4036087347\",\"breadcrumb\":{\"@id\":\"https:\\\/\\\/cinnamonandcoriander.com\\\/de\\\/impressum\\\/#breadcrumb\"},\"inLanguage\":\"de\",\"potentialAction\":[{\"@type\":\"ReadAction\",\"target\":[\"https:\\\/\\\/cinnamonandcoriander.com\\\/de\\\/impressum\\\/\"]}]},{\"@type\":\"BreadcrumbList\",\"@id\":\"https:\\\/\\\/cinnamonandcoriander.com\\\/de\\\/impressum\\\/#breadcrumb\",\"itemListElement\":[{\"@type\":\"ListItem\",\"position\":1,\"name\":\"Home\",\"item\":\"https:\\\/\\\/cinnamonandcoriander.com\\\/de\\\/\"},{\"@type\":\"ListItem\",\"position\":2,\"name\":\"Impressum\"}]},{\"@type\":\"WebSite\",\"@id\":\"https:\\\/\\\/cinnamonandcoriander.com\\\/de\\\/#website\",\"url\":\"https:\\\/\\\/cinnamonandcoriander.com\\\/de\\\/\",\"name\":\"Cinnamon&amp;Coriander\",\"description\":\"multikulturelle Rezepte aus meiner kanadischen K\u00fcche\",\"publisher\":{\"@id\":\"https:\\\/\\\/cinnamonandcoriander.com\\\/de\\\/#organization\"},\"potentialAction\":[{\"@type\":\"SearchAction\",\"target\":{\"@type\":\"EntryPoint\",\"urlTemplate\":\"https:\\\/\\\/cinnamonandcoriander.com\\\/de\\\/?s={search_term_string}\"},\"query-input\":{\"@type\":\"PropertyValueSpecification\",\"valueRequired\":true,\"valueName\":\"search_term_string\"}}],\"inLanguage\":\"de\"},{\"@type\":\"Organization\",\"@id\":\"https:\\\/\\\/cinnamonandcoriander.com\\\/de\\\/#organization\",\"name\":\"Cinnamon&Coriander\",\"url\":\"https:\\\/\\\/cinnamonandcoriander.com\\\/de\\\/\",\"logo\":{\"@type\":\"ImageObject\",\"inLanguage\":\"de\",\"@id\":\"https:\\\/\\\/cinnamonandcoriander.com\\\/de\\\/#\\\/schema\\\/logo\\\/image\\\/\",\"url\":\"https:\\\/\\\/cinnamonandcoriander.com\\\/wp-content\\\/uploads\\\/2023\\\/09\\\/logo-yoast.png\",\"contentUrl\":\"https:\\\/\\\/cinnamonandcoriander.com\\\/wp-content\\\/uploads\\\/2023\\\/09\\\/logo-yoast.png\",\"width\":566,\"height\":566,\"caption\":\"Cinnamon&Coriander\"},\"image\":{\"@id\":\"https:\\\/\\\/cinnamonandcoriander.com\\\/de\\\/#\\\/schema\\\/logo\\\/image\\\/\"},\"sameAs\":[\"https:\\\/\\\/www.facebook.com\\\/cinnamonandcoriander\\\/\",\"https:\\\/\\\/www.instagram.com\\\/cinnamonandcoriander\\\/\",\"https:\\\/\\\/pinterest.com\\\/kikisurlechamp\\\/\"]}]}<\/script>\n<!-- \/ Yoast SEO plugin. -->","yoast_head_json":{"title":"Impressum - Cinnamon&amp;Coriander","description":"IMPRESSUM Angaben gem\u00e4\u00df \u00a7 5 TMG Ulrike (Kiki) \u00dcberacker Richard Wagnerstrasse 31 Kontakt E-Mail: info@cinnamonandcoriander.com Telefon: 01 4036087347","robots":{"index":"noindex","follow":"nofollow"},"og_locale":"de_DE","og_type":"article","og_title":"Impressum - Cinnamon&amp;Coriander","og_description":"IMPRESSUM Angaben gem\u00e4\u00df \u00a7 5 TMG Ulrike (Kiki) \u00dcberacker Richard Wagnerstrasse 31 Kontakt E-Mail: info@cinnamonandcoriander.com Telefon: 01 4036087347","og_url":"https:\/\/cinnamonandcoriander.com\/de\/impressum\/","og_site_name":"Cinnamon&amp;Coriander","article_publisher":"https:\/\/www.facebook.com\/cinnamonandcoriander\/","article_modified_time":"2024-10-24T18:58:54+00:00","twitter_card":"summary_large_image","twitter_misc":{"Gesch\u00e4tzte Lesezeit":"2\u00a0Minuten"},"schema":{"@context":"https:\/\/schema.org","@graph":[{"@type":"WebPage","@id":"https:\/\/cinnamonandcoriander.com\/de\/impressum\/","url":"https:\/\/cinnamonandcoriander.com\/de\/impressum\/","name":"Impressum - Cinnamon&amp;Coriander","isPartOf":{"@id":"https:\/\/cinnamonandcoriander.com\/de\/#website"},"datePublished":"2018-05-12T21:30:59+00:00","dateModified":"2024-10-24T18:58:54+00:00","description":"IMPRESSUM Angaben gem\u00e4\u00df \u00a7 5 TMG Ulrike (Kiki) \u00dcberacker Richard Wagnerstrasse 31 Kontakt E-Mail: info@cinnamonandcoriander.com Telefon: 01 4036087347","breadcrumb":{"@id":"https:\/\/cinnamonandcoriander.com\/de\/impressum\/#breadcrumb"},"inLanguage":"de","potentialAction":[{"@type":"ReadAction","target":["https:\/\/cinnamonandcoriander.com\/de\/impressum\/"]}]},{"@type":"BreadcrumbList","@id":"https:\/\/cinnamonandcoriander.com\/de\/impressum\/#breadcrumb","itemListElement":[{"@type":"ListItem","position":1,"name":"Home","item":"https:\/\/cinnamonandcoriander.com\/de\/"},{"@type":"ListItem","position":2,"name":"Impressum"}]},{"@type":"WebSite","@id":"https:\/\/cinnamonandcoriander.com\/de\/#website","url":"https:\/\/cinnamonandcoriander.com\/de\/","name":"Cinnamon&amp;Coriander","description":"multikulturelle Rezepte aus meiner kanadischen K\u00fcche","publisher":{"@id":"https:\/\/cinnamonandcoriander.com\/de\/#organization"},"potentialAction":[{"@type":"SearchAction","target":{"@type":"EntryPoint","urlTemplate":"https:\/\/cinnamonandcoriander.com\/de\/?s={search_term_string}"},"query-input":{"@type":"PropertyValueSpecification","valueRequired":true,"valueName":"search_term_string"}}],"inLanguage":"de"},{"@type":"Organization","@id":"https:\/\/cinnamonandcoriander.com\/de\/#organization","name":"Cinnamon&Coriander","url":"https:\/\/cinnamonandcoriander.com\/de\/","logo":{"@type":"ImageObject","inLanguage":"de","@id":"https:\/\/cinnamonandcoriander.com\/de\/#\/schema\/logo\/image\/","url":"https:\/\/cinnamonandcoriander.com\/wp-content\/uploads\/2023\/09\/logo-yoast.png","contentUrl":"https:\/\/cinnamonandcoriander.com\/wp-content\/uploads\/2023\/09\/logo-yoast.png","width":566,"height":566,"caption":"Cinnamon&Coriander"},"image":{"@id":"https:\/\/cinnamonandcoriander.com\/de\/#\/schema\/logo\/image\/"},"sameAs":["https:\/\/www.facebook.com\/cinnamonandcoriander\/","https:\/\/www.instagram.com\/cinnamonandcoriander\/","https:\/\/pinterest.com\/kikisurlechamp\/"]}]}},"_links":{"self":[{"href":"https:\/\/cinnamonandcoriander.com\/de\/wp-json\/wp\/v2\/pages\/7432","targetHints":{"allow":["GET"]}}],"collection":[{"href":"https:\/\/cinnamonandcoriander.com\/de\/wp-json\/wp\/v2\/pages"}],"about":[{"href":"https:\/\/cinnamonandcoriander.com\/de\/wp-json\/wp\/v2\/types\/page"}],"author":[{"embeddable":true,"href":"https:\/\/cinnamonandcoriander.com\/de\/wp-json\/wp\/v2\/users\/1"}],"replies":[{"embeddable":true,"href":"https:\/\/cinnamonandcoriander.com\/de\/wp-json\/wp\/v2\/comments?post=7432"}],"version-history":[{"count":1,"href":"https:\/\/cinnamonandcoriander.com\/de\/wp-json\/wp\/v2\/pages\/7432\/revisions"}],"predecessor-version":[{"id":83055,"href":"https:\/\/cinnamonandcoriander.com\/de\/wp-json\/wp\/v2\/pages\/7432\/revisions\/83055"}],"wp:attachment":[{"href":"https:\/\/cinnamonandcoriander.com\/de\/wp-json\/wp\/v2\/media?parent=7432"}],"curies":[{"name":"wp","href":"https:\/\/api.w.org\/{rel}","templated":true}]}}