{"id":272,"date":"2015-07-14T18:26:00","date_gmt":"2015-07-14T18:26:00","guid":{"rendered":"https:\/\/cinnamonandcoriander.com\/abou\/"},"modified":"2024-03-17T05:15:06","modified_gmt":"2024-03-17T11:15:06","slug":"about-kiki-johnson","status":"publish","type":"page","link":"https:\/\/cinnamonandcoriander.com\/de\/about-kiki-johnson\/","title":{"rendered":"Kiki Johnson"},"content":{"rendered":"<p><img loading=\"lazy\" decoding=\"async\" width=\"280\" height=\"280\" class=\"alignnone wp-image-18540 size-full\" src=\"https:\/\/cinnamonandcoriander.com\/wp-content\/uploads\/2021\/05\/kiki-sidebar.png\" alt=\"M\u00fcnchner food bloggerin Kiki Johnson\" srcset=\"https:\/\/cinnamonandcoriander.com\/wp-content\/uploads\/2021\/05\/kiki-sidebar.png 280w, https:\/\/cinnamonandcoriander.com\/wp-content\/uploads\/2021\/05\/kiki-sidebar-150x150.png 150w\" sizes=\"auto, (max-width: 280px) 100vw, 280px\" \/><\/p>\n<div class=\"separator\" style=\"clear: both; text-align: center;\"><\/div>\n<h2>Hallo, ich bin Kiki.<\/h2>\n<p>Herzlich willkommen bei Cinnamon and Coriander! Ich bin Kiki Johnson und teile hier seit 12 Jahren meine kulinarischen Highlights mit euch.<\/p>\n<p>Halb Musiker, halb Gastronomen-Kind, das ich bin, gehts bei mir kulinarisch mit sehr viel Leidenschaft, und manchmal auch mit einer Prise Chaos zur Sache.<\/p>\n<p>Meine Liebe galt schon immer dem Kochen und Backen und schon als Kind durfte ich meine ersten K\u00fcchenerfahrungen im Landgasthof meiner Gro\u00dfeltern sammeln.<\/p>\n<p>Meinen bilingualen Food-Blog \u201eCinnamon &amp; Coriander\u201c startete ich noch w\u00e4hrend meines Studiums. Nach dem Abschluss meines Staatsexamens, zahlreichen Reisen und Besuchen von Kochschulen und Akademien wanderte ich 2012 nach Kanada aus, wo ich meine Leidenschaft zum Kochen zum Beruf machte. Neben meiner Hauptt\u00e4tigkeit als Food-Bloggerin betrieb ich dort auch ein kleines Catering Service.<\/p>\n<p>Meine Lieblingsrezepte der kanadischen K\u00fcche, die ich in all diesen Jahren f\u00fcr euch gesammelt habe gibt es in meinem Erstlingswerk \u201e<a href=\"https:\/\/amzn.to\/3wqrhV6\">Unterm Ahornbaum<\/a>\u201c\u00a0 &#8211; eines der ersten kanadischen Kochb\u00fcchern auf dem Deutschen Kochbuchmarkt.<\/p>\n<p>Einige Jahre sp\u00e4ter folge mein zweites Kochbuch\u00a0 <a href=\"https:\/\/amzn.to\/42XJ5n3\">Omas Beste Weihnachtsrezepte<\/a>.<\/p>\n<p>Heute arbeite ich selbstst\u00e4ndig als Bloggerin, Rezeptentwicklerin und Food-Fotografin und lebe zwischen M\u00fcnchen und Merida, Mexiko.<\/p>\n<h2>Worum gehts bei Cinnamon &amp; Coriander?<\/h2>\n<p><strong>Cinnamon and Coriande<\/strong>r: Das steht f\u00fcr meine K\u00fcche, denn gut gew\u00fcrzt ist halb gewonnen! Egal ob herzhaft oder s\u00fc\u00df \u2013Gew\u00fcrze sind f\u00fcr mich der Schl\u00fcssel zum Genuss!<\/p>\n<p><strong>Cinnamon<\/strong>: Zimt steht f\u00fcr mich f\u00fcr alles, was ich liebe und brauche! Cinnamon steht f\u00fcr Nestw\u00e4rme, f\u00fcr Heimat, Weihnachten und f\u00fcr meine Liebe zum Backen.<\/p>\n<p><strong>Coriander<\/strong> steht f\u00fcr das Nomaden-Leben, das ich f\u00fchre, seitdem ich vom Lebens-Hunger getrieben meine bayrische Heimat verlassen habe, um etwas mehr von der Welt zu sehen und vor allem auch zu schmecken. Die letzten 12 Jahre habe ich in Costa Rica, Kanada und Mexiko verbracht.<\/p>\n<p>Nun aber hereinspaziert! Schau dich um und f\u00fchl dich ganz zuhause. Ich freue mich \u00fcber jeden von euch!<\/p>\n<p>Kiki<\/p>\n<div class=\"MsoNormal\"><\/div>\n","protected":false},"excerpt":{"rendered":"<p>Hallo, ich bin Kiki. Herzlich willkommen bei Cinnamon and Coriander! Ich bin Kiki Johnson und&#8230;<\/p>\n","protected":false},"author":1,"featured_media":18540,"parent":0,"menu_order":0,"comment_status":"closed","ping_status":"closed","template":"","meta":{"wprm-recipe-roundup-name":"","wprm-recipe-roundup-description":"","_kadence_starter_templates_imported_post":false,"_kad_post_transparent":"","_kad_post_title":"","_kad_post_layout":"","_kad_post_sidebar_id":"","_kad_post_content_style":"","_kad_post_vertical_padding":"","_kad_post_feature":"","_kad_post_feature_position":"","_kad_post_header":false,"_kad_post_footer":false,"_kad_post_classname":"","footnotes":""},"class_list":["post-272","page","type-page","status-publish","has-post-thumbnail","hentry"],"yoast_head":"<!-- This site is optimized with the Yoast SEO plugin v27.5 - https:\/\/yoast.com\/product\/yoast-seo-wordpress\/ -->\n<title>[:de]About Kiki Johnson - Cinnamon &amp; Coriander[:en]About Food Blogger Kiki Johnson | Cinnamon &amp; Coriander[:]<\/title>\n<meta name=\"description\" content=\"Kiki Johnson - Food Bloggerin, Kochbuchautorin &amp; Food- Fotografin aus M\u00fcnchen.\" \/>\n<meta name=\"robots\" content=\"index, follow, max-snippet:-1, max-image-preview:large, max-video-preview:-1\" \/>\n<link rel=\"canonical\" href=\"https:\/\/cinnamonandcoriander.com\/de\/about-kiki-johnson\/\" \/>\n<meta property=\"og:locale\" content=\"de_DE\" \/>\n<meta property=\"og:type\" content=\"article\" \/>\n<meta property=\"og:title\" content=\"[:de]About Kiki Johnson - Cinnamon &amp; Coriander[:en]About Food Blogger Kiki Johnson | Cinnamon &amp; Coriander[:]\" \/>\n<meta property=\"og:description\" content=\"Kiki Johnson - Food Bloggerin, Kochbuchautorin &amp; Food- Fotografin aus M\u00fcnchen.\" \/>\n<meta property=\"og:url\" content=\"https:\/\/cinnamonandcoriander.com\/de\/about-kiki-johnson\/\" \/>\n<meta property=\"og:site_name\" content=\"Cinnamon&amp;Coriander\" \/>\n<meta property=\"article:publisher\" content=\"https:\/\/www.facebook.com\/cinnamonandcoriander\/\" \/>\n<meta property=\"article:modified_time\" content=\"2024-03-17T11:15:06+00:00\" \/>\n<meta property=\"og:image\" content=\"https:\/\/cinnamonandcoriander.com\/wp-content\/uploads\/2021\/05\/kiki-sidebar.png\" \/>\n\t<meta property=\"og:image:width\" content=\"280\" \/>\n\t<meta property=\"og:image:height\" content=\"280\" \/>\n\t<meta property=\"og:image:type\" content=\"image\/png\" \/>\n<meta name=\"twitter:card\" content=\"summary_large_image\" \/>\n<meta name=\"twitter:label1\" content=\"Gesch\u00e4tzte Lesezeit\" \/>\n\t<meta name=\"twitter:data1\" content=\"2\u00a0Minuten\" \/>\n<script type=\"application\/ld+json\" class=\"yoast-schema-graph\">{\"@context\":\"https:\\\/\\\/schema.org\",\"@graph\":[{\"@type\":\"WebPage\",\"@id\":\"https:\\\/\\\/cinnamonandcoriander.com\\\/de\\\/about-kiki-johnson\\\/\",\"url\":\"https:\\\/\\\/cinnamonandcoriander.com\\\/de\\\/about-kiki-johnson\\\/\",\"name\":\"[:de]About Kiki Johnson - Cinnamon & Coriander[:en]About Food Blogger Kiki Johnson | Cinnamon & Coriander[:]\",\"isPartOf\":{\"@id\":\"https:\\\/\\\/cinnamonandcoriander.com\\\/de\\\/#website\"},\"primaryImageOfPage\":{\"@id\":\"https:\\\/\\\/cinnamonandcoriander.com\\\/de\\\/about-kiki-johnson\\\/#primaryimage\"},\"image\":{\"@id\":\"https:\\\/\\\/cinnamonandcoriander.com\\\/de\\\/about-kiki-johnson\\\/#primaryimage\"},\"thumbnailUrl\":\"https:\\\/\\\/cinnamonandcoriander.com\\\/wp-content\\\/uploads\\\/2021\\\/05\\\/kiki-sidebar.png\",\"datePublished\":\"2015-07-14T18:26:00+00:00\",\"dateModified\":\"2024-03-17T11:15:06+00:00\",\"description\":\"Kiki Johnson - Food Bloggerin, Kochbuchautorin & Food- Fotografin aus M\u00fcnchen.\",\"breadcrumb\":{\"@id\":\"https:\\\/\\\/cinnamonandcoriander.com\\\/de\\\/about-kiki-johnson\\\/#breadcrumb\"},\"inLanguage\":\"de\",\"potentialAction\":[{\"@type\":\"ReadAction\",\"target\":[\"https:\\\/\\\/cinnamonandcoriander.com\\\/de\\\/about-kiki-johnson\\\/\"]}]},{\"@type\":\"ImageObject\",\"inLanguage\":\"de\",\"@id\":\"https:\\\/\\\/cinnamonandcoriander.com\\\/de\\\/about-kiki-johnson\\\/#primaryimage\",\"url\":\"https:\\\/\\\/cinnamonandcoriander.com\\\/wp-content\\\/uploads\\\/2021\\\/05\\\/kiki-sidebar.png\",\"contentUrl\":\"https:\\\/\\\/cinnamonandcoriander.com\\\/wp-content\\\/uploads\\\/2021\\\/05\\\/kiki-sidebar.png\",\"width\":280,\"height\":280,\"caption\":\"food blogger kiki johnson\"},{\"@type\":\"BreadcrumbList\",\"@id\":\"https:\\\/\\\/cinnamonandcoriander.com\\\/de\\\/about-kiki-johnson\\\/#breadcrumb\",\"itemListElement\":[{\"@type\":\"ListItem\",\"position\":1,\"name\":\"Home\",\"item\":\"https:\\\/\\\/cinnamonandcoriander.com\\\/de\\\/\"},{\"@type\":\"ListItem\",\"position\":2,\"name\":\"Kiki Johnson\"}]},{\"@type\":\"WebSite\",\"@id\":\"https:\\\/\\\/cinnamonandcoriander.com\\\/de\\\/#website\",\"url\":\"https:\\\/\\\/cinnamonandcoriander.com\\\/de\\\/\",\"name\":\"Cinnamon&amp;Coriander\",\"description\":\"multikulturelle Rezepte aus meiner kanadischen K\u00fcche\",\"publisher\":{\"@id\":\"https:\\\/\\\/cinnamonandcoriander.com\\\/de\\\/#organization\"},\"potentialAction\":[{\"@type\":\"SearchAction\",\"target\":{\"@type\":\"EntryPoint\",\"urlTemplate\":\"https:\\\/\\\/cinnamonandcoriander.com\\\/de\\\/?s={search_term_string}\"},\"query-input\":{\"@type\":\"PropertyValueSpecification\",\"valueRequired\":true,\"valueName\":\"search_term_string\"}}],\"inLanguage\":\"de\"},{\"@type\":\"Organization\",\"@id\":\"https:\\\/\\\/cinnamonandcoriander.com\\\/de\\\/#organization\",\"name\":\"Cinnamon&Coriander\",\"url\":\"https:\\\/\\\/cinnamonandcoriander.com\\\/de\\\/\",\"logo\":{\"@type\":\"ImageObject\",\"inLanguage\":\"de\",\"@id\":\"https:\\\/\\\/cinnamonandcoriander.com\\\/de\\\/#\\\/schema\\\/logo\\\/image\\\/\",\"url\":\"https:\\\/\\\/cinnamonandcoriander.com\\\/wp-content\\\/uploads\\\/2023\\\/09\\\/logo-yoast.png\",\"contentUrl\":\"https:\\\/\\\/cinnamonandcoriander.com\\\/wp-content\\\/uploads\\\/2023\\\/09\\\/logo-yoast.png\",\"width\":566,\"height\":566,\"caption\":\"Cinnamon&Coriander\"},\"image\":{\"@id\":\"https:\\\/\\\/cinnamonandcoriander.com\\\/de\\\/#\\\/schema\\\/logo\\\/image\\\/\"},\"sameAs\":[\"https:\\\/\\\/www.facebook.com\\\/cinnamonandcoriander\\\/\",\"https:\\\/\\\/www.instagram.com\\\/cinnamonandcoriander\\\/\",\"https:\\\/\\\/pinterest.com\\\/kikisurlechamp\\\/\"]}]}<\/script>\n<!-- \/ Yoast SEO plugin. -->","yoast_head_json":{"title":"[:de]About Kiki Johnson - Cinnamon & Coriander[:en]About Food Blogger Kiki Johnson | Cinnamon & Coriander[:]","description":"Kiki Johnson - Food Bloggerin, Kochbuchautorin & Food- Fotografin aus M\u00fcnchen.","robots":{"index":"index","follow":"follow","max-snippet":"max-snippet:-1","max-image-preview":"max-image-preview:large","max-video-preview":"max-video-preview:-1"},"canonical":"https:\/\/cinnamonandcoriander.com\/de\/about-kiki-johnson\/","og_locale":"de_DE","og_type":"article","og_title":"[:de]About Kiki Johnson - Cinnamon & Coriander[:en]About Food Blogger Kiki Johnson | Cinnamon & Coriander[:]","og_description":"Kiki Johnson - Food Bloggerin, Kochbuchautorin & Food- Fotografin aus M\u00fcnchen.","og_url":"https:\/\/cinnamonandcoriander.com\/de\/about-kiki-johnson\/","og_site_name":"Cinnamon&amp;Coriander","article_publisher":"https:\/\/www.facebook.com\/cinnamonandcoriander\/","article_modified_time":"2024-03-17T11:15:06+00:00","og_image":[{"width":280,"height":280,"url":"https:\/\/cinnamonandcoriander.com\/wp-content\/uploads\/2021\/05\/kiki-sidebar.png","type":"image\/png"}],"twitter_card":"summary_large_image","twitter_misc":{"Gesch\u00e4tzte Lesezeit":"2\u00a0Minuten"},"schema":{"@context":"https:\/\/schema.org","@graph":[{"@type":"WebPage","@id":"https:\/\/cinnamonandcoriander.com\/de\/about-kiki-johnson\/","url":"https:\/\/cinnamonandcoriander.com\/de\/about-kiki-johnson\/","name":"[:de]About Kiki Johnson - Cinnamon & Coriander[:en]About Food Blogger Kiki Johnson | Cinnamon & Coriander[:]","isPartOf":{"@id":"https:\/\/cinnamonandcoriander.com\/de\/#website"},"primaryImageOfPage":{"@id":"https:\/\/cinnamonandcoriander.com\/de\/about-kiki-johnson\/#primaryimage"},"image":{"@id":"https:\/\/cinnamonandcoriander.com\/de\/about-kiki-johnson\/#primaryimage"},"thumbnailUrl":"https:\/\/cinnamonandcoriander.com\/wp-content\/uploads\/2021\/05\/kiki-sidebar.png","datePublished":"2015-07-14T18:26:00+00:00","dateModified":"2024-03-17T11:15:06+00:00","description":"Kiki Johnson - Food Bloggerin, Kochbuchautorin & Food- Fotografin aus M\u00fcnchen.","breadcrumb":{"@id":"https:\/\/cinnamonandcoriander.com\/de\/about-kiki-johnson\/#breadcrumb"},"inLanguage":"de","potentialAction":[{"@type":"ReadAction","target":["https:\/\/cinnamonandcoriander.com\/de\/about-kiki-johnson\/"]}]},{"@type":"ImageObject","inLanguage":"de","@id":"https:\/\/cinnamonandcoriander.com\/de\/about-kiki-johnson\/#primaryimage","url":"https:\/\/cinnamonandcoriander.com\/wp-content\/uploads\/2021\/05\/kiki-sidebar.png","contentUrl":"https:\/\/cinnamonandcoriander.com\/wp-content\/uploads\/2021\/05\/kiki-sidebar.png","width":280,"height":280,"caption":"food blogger kiki johnson"},{"@type":"BreadcrumbList","@id":"https:\/\/cinnamonandcoriander.com\/de\/about-kiki-johnson\/#breadcrumb","itemListElement":[{"@type":"ListItem","position":1,"name":"Home","item":"https:\/\/cinnamonandcoriander.com\/de\/"},{"@type":"ListItem","position":2,"name":"Kiki Johnson"}]},{"@type":"WebSite","@id":"https:\/\/cinnamonandcoriander.com\/de\/#website","url":"https:\/\/cinnamonandcoriander.com\/de\/","name":"Cinnamon&amp;Coriander","description":"multikulturelle Rezepte aus meiner kanadischen K\u00fcche","publisher":{"@id":"https:\/\/cinnamonandcoriander.com\/de\/#organization"},"potentialAction":[{"@type":"SearchAction","target":{"@type":"EntryPoint","urlTemplate":"https:\/\/cinnamonandcoriander.com\/de\/?s={search_term_string}"},"query-input":{"@type":"PropertyValueSpecification","valueRequired":true,"valueName":"search_term_string"}}],"inLanguage":"de"},{"@type":"Organization","@id":"https:\/\/cinnamonandcoriander.com\/de\/#organization","name":"Cinnamon&Coriander","url":"https:\/\/cinnamonandcoriander.com\/de\/","logo":{"@type":"ImageObject","inLanguage":"de","@id":"https:\/\/cinnamonandcoriander.com\/de\/#\/schema\/logo\/image\/","url":"https:\/\/cinnamonandcoriander.com\/wp-content\/uploads\/2023\/09\/logo-yoast.png","contentUrl":"https:\/\/cinnamonandcoriander.com\/wp-content\/uploads\/2023\/09\/logo-yoast.png","width":566,"height":566,"caption":"Cinnamon&Coriander"},"image":{"@id":"https:\/\/cinnamonandcoriander.com\/de\/#\/schema\/logo\/image\/"},"sameAs":["https:\/\/www.facebook.com\/cinnamonandcoriander\/","https:\/\/www.instagram.com\/cinnamonandcoriander\/","https:\/\/pinterest.com\/kikisurlechamp\/"]}]}},"_links":{"self":[{"href":"https:\/\/cinnamonandcoriander.com\/de\/wp-json\/wp\/v2\/pages\/272","targetHints":{"allow":["GET"]}}],"collection":[{"href":"https:\/\/cinnamonandcoriander.com\/de\/wp-json\/wp\/v2\/pages"}],"about":[{"href":"https:\/\/cinnamonandcoriander.com\/de\/wp-json\/wp\/v2\/types\/page"}],"author":[{"embeddable":true,"href":"https:\/\/cinnamonandcoriander.com\/de\/wp-json\/wp\/v2\/users\/1"}],"replies":[{"embeddable":true,"href":"https:\/\/cinnamonandcoriander.com\/de\/wp-json\/wp\/v2\/comments?post=272"}],"version-history":[{"count":4,"href":"https:\/\/cinnamonandcoriander.com\/de\/wp-json\/wp\/v2\/pages\/272\/revisions"}],"predecessor-version":[{"id":82011,"href":"https:\/\/cinnamonandcoriander.com\/de\/wp-json\/wp\/v2\/pages\/272\/revisions\/82011"}],"wp:featuredmedia":[{"embeddable":true,"href":"https:\/\/cinnamonandcoriander.com\/de\/wp-json\/wp\/v2\/media\/18540"}],"wp:attachment":[{"href":"https:\/\/cinnamonandcoriander.com\/de\/wp-json\/wp\/v2\/media?parent=272"}],"curies":[{"name":"wp","href":"https:\/\/api.w.org\/{rel}","templated":true}]}}