{"id":271,"date":"2015-07-23T19:12:00","date_gmt":"2015-07-23T19:12:00","guid":{"rendered":"https:\/\/cinnamonandcoriander.com\/kooperationen\/"},"modified":"2021-05-07T15:59:08","modified_gmt":"2021-05-07T21:59:08","slug":"kooperationen","status":"publish","type":"page","link":"https:\/\/cinnamonandcoriander.com\/de\/kooperationen\/","title":{"rendered":"Kooperationen"},"content":{"rendered":"<p><b>Liebe Leserinnen und Leser:\u00a0<\/b><br \/>\n<b><br \/>\n<\/b><br \/>\nIch freue mich \u00fcber jeden einzelnen von euch und bin offen f\u00fcr Anregungen, Vorschl\u00e4ge und Feedback jeglicher Art.<br \/>\nBitte z\u00f6gert nicht mich \u00fcber meine email-Adresse oder das Kontaktformular zu kontaktieren.<\/p>\n<p><b>Lieber Unternehmen und PR- Agenturen<\/b><\/p>\n<p>Willkommen auf meinem Blog.<br \/>\nCinnamon and Coriander ist ein Foodblog, auf dem ich seit Sommer 2013 meine Leidenschaft f\u00fcr s\u00fc\u00dfe und herzhafte kulinarische Kreationen mit meinen Lesern teile.<br \/>\nGetreu meinem Motto: &#8221; Mit Wurzeln und Fl\u00fcgeln&#8221; arbeite ich dabei auf kreative Weise mit saisonalen Produkten.<br \/>\nIch investiere viel Zeit, Geld und Herzblut in meinen Blog, und erfreue mich neben meinen treuen Stammlesern auch einer \u00a0kontinuierlich wachsenden Leserschaft.<br \/>\nMein Blog erh\u00e4lt jeden Monat ca. <strong>500.000 Aufrufe<\/strong> und <strong>70.000 Besucher<\/strong>. Meine Leserschaft kommt dabei gr\u00f6\u00dftenteils aus Deutschland, Kanada, den USA, \u00d6sterreich und der Schweiz.<br \/>\nMeine Inhalte teile ich nicht nur auf meinem Blog, sondern auch \u00fcber meine Fanpages auf Facebook (ca. 2.700 Follower ), Google Plus (\u00fcber 600 Mitglieder) Pinterest (\u00a03 k Abonnenten), Instagram (2,8 k followers) und Bloglovin (300 Follower), wodurch ich zus\u00e4tzlich tausende weitere Leser erreiche.<\/p>\n<p><strong>F\u00fcr Kooperationen bin ich bereit, sollte das Thema inhaltlich zu meinem Blog passen<\/strong>.<br \/>\nM\u00f6gliche Arten der Zusammenarbeit w\u00e4ren dabei:<\/p>\n<p>&#8211; Produkttests<br \/>\n&#8211; Rezensionen von Kochb\u00fcchern<br \/>\n&#8211; Erstellen von Rezepte f\u00fcr ihre Website \/ ihr Magazin<br \/>\n&#8211; Affiliate Partnerprogramme<br \/>\n&#8211; Bannerwerbung in der Seitenleiste meines Blogs<\/p>\n<p>Bitte beachten sie hierbei:<\/p>\n<p>Kooperationen und Unterst\u00fctzungen meinerseits sind auf den Seiten von Cinnamon and Coriander<strong> immer<\/strong> als solche gekennzeichnet.<\/p>\n<p>In meinen Blogposts gebe ich stets meine eigene Meinung wieder ohne jegliche Beeinflussung von au\u00dferhalb. \u00a0Sollte ich nicht von einem Produkt o.\u00c4. \u00fcberzeugt sein, werde ich hier auf dem Blog folglich auch keine Empfehlung daf\u00fcr aussprechen.<\/p>\n<p>Kontaktieren sie mich doch gerne per email, unter <b>info@cinnamonandcoriander.com<\/b> oder \u00fcber das Kontaktformular\u00a0wenn sie der Meinung sind, ihr Produkt, ihr Thema oder ihre Veranstaltung w\u00fcrde gut zu &#8220;Cinnamon and Coriander&#8221; passen.<\/p>\n<p>\u00dcber Preise und Konditionen k\u00f6nnen wir dann gemeinsam verhandeln.<\/p>\n<p>&nbsp;<\/p>\n","protected":false},"excerpt":{"rendered":"<p>Liebe Leserinnen und Leser:\u00a0 Ich freue mich \u00fcber jeden einzelnen von euch und bin offen&#8230;<\/p>\n","protected":false},"author":1,"featured_media":0,"parent":0,"menu_order":0,"comment_status":"closed","ping_status":"closed","template":"","meta":{"wprm-recipe-roundup-name":"","wprm-recipe-roundup-description":"","_kadence_starter_templates_imported_post":false,"_kad_post_transparent":"","_kad_post_title":"","_kad_post_layout":"","_kad_post_sidebar_id":"","_kad_post_content_style":"","_kad_post_vertical_padding":"","_kad_post_feature":"","_kad_post_feature_position":"","_kad_post_header":false,"_kad_post_footer":false,"_kad_post_classname":"","footnotes":""},"class_list":["post-271","page","type-page","status-publish","hentry"],"yoast_head":"<!-- This site is optimized with the Yoast SEO plugin v27.4 - https:\/\/yoast.com\/product\/yoast-seo-wordpress\/ -->\n<title>[:en]Cooperation with Cinnamon &amp; Coriander | Kiki Johnson - Food Blogger &amp; Recipe Developer[:]<\/title>\n<meta name=\"description\" content=\"{:en}Work with Recipe Developer Kiki Johnson to get unique recipes for your brand or website or to have your brand represented on cinnamonandcoriander.com{:}\" \/>\n<meta name=\"robots\" content=\"index, follow, max-snippet:-1, max-image-preview:large, max-video-preview:-1\" \/>\n<link rel=\"canonical\" href=\"https:\/\/cinnamonandcoriander.com\/de\/kooperationen\/\" \/>\n<meta property=\"og:locale\" content=\"de_DE\" \/>\n<meta property=\"og:type\" content=\"article\" \/>\n<meta property=\"og:title\" content=\"[:en]Cooperation with Cinnamon &amp; Coriander | Kiki Johnson - Food Blogger &amp; Recipe Developer[:]\" \/>\n<meta property=\"og:description\" content=\"{:en}Work with Recipe Developer Kiki Johnson to get unique recipes for your brand or website or to have your brand represented on cinnamonandcoriander.com{:}\" \/>\n<meta property=\"og:url\" content=\"https:\/\/cinnamonandcoriander.com\/de\/kooperationen\/\" \/>\n<meta property=\"og:site_name\" content=\"Cinnamon&amp;Coriander\" \/>\n<meta property=\"article:publisher\" content=\"https:\/\/www.facebook.com\/cinnamonandcoriander\/\" \/>\n<meta property=\"article:modified_time\" content=\"2021-05-07T21:59:08+00:00\" \/>\n<meta name=\"twitter:card\" content=\"summary_large_image\" \/>\n<meta name=\"twitter:label1\" content=\"Gesch\u00e4tzte Lesezeit\" \/>\n\t<meta name=\"twitter:data1\" content=\"2\u00a0Minuten\" \/>\n<script type=\"application\/ld+json\" class=\"yoast-schema-graph\">{\"@context\":\"https:\\\/\\\/schema.org\",\"@graph\":[{\"@type\":\"WebPage\",\"@id\":\"https:\\\/\\\/cinnamonandcoriander.com\\\/de\\\/kooperationen\\\/\",\"url\":\"https:\\\/\\\/cinnamonandcoriander.com\\\/de\\\/kooperationen\\\/\",\"name\":\"[:en]Cooperation with Cinnamon & Coriander | Kiki Johnson - Food Blogger & Recipe Developer[:]\",\"isPartOf\":{\"@id\":\"https:\\\/\\\/cinnamonandcoriander.com\\\/de\\\/#website\"},\"datePublished\":\"2015-07-23T19:12:00+00:00\",\"dateModified\":\"2021-05-07T21:59:08+00:00\",\"description\":\"{:en}Work with Recipe Developer Kiki Johnson to get unique recipes for your brand or website or to have your brand represented on cinnamonandcoriander.com{:}\",\"breadcrumb\":{\"@id\":\"https:\\\/\\\/cinnamonandcoriander.com\\\/de\\\/kooperationen\\\/#breadcrumb\"},\"inLanguage\":\"de\",\"potentialAction\":[{\"@type\":\"ReadAction\",\"target\":[\"https:\\\/\\\/cinnamonandcoriander.com\\\/de\\\/kooperationen\\\/\"]}]},{\"@type\":\"BreadcrumbList\",\"@id\":\"https:\\\/\\\/cinnamonandcoriander.com\\\/de\\\/kooperationen\\\/#breadcrumb\",\"itemListElement\":[{\"@type\":\"ListItem\",\"position\":1,\"name\":\"Home\",\"item\":\"https:\\\/\\\/cinnamonandcoriander.com\\\/de\\\/\"},{\"@type\":\"ListItem\",\"position\":2,\"name\":\"Kooperationen\"}]},{\"@type\":\"WebSite\",\"@id\":\"https:\\\/\\\/cinnamonandcoriander.com\\\/de\\\/#website\",\"url\":\"https:\\\/\\\/cinnamonandcoriander.com\\\/de\\\/\",\"name\":\"Cinnamon&amp;Coriander\",\"description\":\"multikulturelle Rezepte aus meiner kanadischen K\u00fcche\",\"publisher\":{\"@id\":\"https:\\\/\\\/cinnamonandcoriander.com\\\/de\\\/#organization\"},\"potentialAction\":[{\"@type\":\"SearchAction\",\"target\":{\"@type\":\"EntryPoint\",\"urlTemplate\":\"https:\\\/\\\/cinnamonandcoriander.com\\\/de\\\/?s={search_term_string}\"},\"query-input\":{\"@type\":\"PropertyValueSpecification\",\"valueRequired\":true,\"valueName\":\"search_term_string\"}}],\"inLanguage\":\"de\"},{\"@type\":\"Organization\",\"@id\":\"https:\\\/\\\/cinnamonandcoriander.com\\\/de\\\/#organization\",\"name\":\"Cinnamon&Coriander\",\"url\":\"https:\\\/\\\/cinnamonandcoriander.com\\\/de\\\/\",\"logo\":{\"@type\":\"ImageObject\",\"inLanguage\":\"de\",\"@id\":\"https:\\\/\\\/cinnamonandcoriander.com\\\/de\\\/#\\\/schema\\\/logo\\\/image\\\/\",\"url\":\"https:\\\/\\\/cinnamonandcoriander.com\\\/wp-content\\\/uploads\\\/2023\\\/09\\\/logo-yoast.png\",\"contentUrl\":\"https:\\\/\\\/cinnamonandcoriander.com\\\/wp-content\\\/uploads\\\/2023\\\/09\\\/logo-yoast.png\",\"width\":566,\"height\":566,\"caption\":\"Cinnamon&Coriander\"},\"image\":{\"@id\":\"https:\\\/\\\/cinnamonandcoriander.com\\\/de\\\/#\\\/schema\\\/logo\\\/image\\\/\"},\"sameAs\":[\"https:\\\/\\\/www.facebook.com\\\/cinnamonandcoriander\\\/\",\"https:\\\/\\\/www.instagram.com\\\/cinnamonandcoriander\\\/\",\"https:\\\/\\\/pinterest.com\\\/kikisurlechamp\\\/\"]}]}<\/script>\n<!-- \/ Yoast SEO plugin. -->","yoast_head_json":{"title":"[:en]Cooperation with Cinnamon & Coriander | Kiki Johnson - Food Blogger & Recipe Developer[:]","description":"{:en}Work with Recipe Developer Kiki Johnson to get unique recipes for your brand or website or to have your brand represented on cinnamonandcoriander.com{:}","robots":{"index":"index","follow":"follow","max-snippet":"max-snippet:-1","max-image-preview":"max-image-preview:large","max-video-preview":"max-video-preview:-1"},"canonical":"https:\/\/cinnamonandcoriander.com\/de\/kooperationen\/","og_locale":"de_DE","og_type":"article","og_title":"[:en]Cooperation with Cinnamon & Coriander | Kiki Johnson - Food Blogger & Recipe Developer[:]","og_description":"{:en}Work with Recipe Developer Kiki Johnson to get unique recipes for your brand or website or to have your brand represented on cinnamonandcoriander.com{:}","og_url":"https:\/\/cinnamonandcoriander.com\/de\/kooperationen\/","og_site_name":"Cinnamon&amp;Coriander","article_publisher":"https:\/\/www.facebook.com\/cinnamonandcoriander\/","article_modified_time":"2021-05-07T21:59:08+00:00","twitter_card":"summary_large_image","twitter_misc":{"Gesch\u00e4tzte Lesezeit":"2\u00a0Minuten"},"schema":{"@context":"https:\/\/schema.org","@graph":[{"@type":"WebPage","@id":"https:\/\/cinnamonandcoriander.com\/de\/kooperationen\/","url":"https:\/\/cinnamonandcoriander.com\/de\/kooperationen\/","name":"[:en]Cooperation with Cinnamon & Coriander | Kiki Johnson - Food Blogger & Recipe Developer[:]","isPartOf":{"@id":"https:\/\/cinnamonandcoriander.com\/de\/#website"},"datePublished":"2015-07-23T19:12:00+00:00","dateModified":"2021-05-07T21:59:08+00:00","description":"{:en}Work with Recipe Developer Kiki Johnson to get unique recipes for your brand or website or to have your brand represented on cinnamonandcoriander.com{:}","breadcrumb":{"@id":"https:\/\/cinnamonandcoriander.com\/de\/kooperationen\/#breadcrumb"},"inLanguage":"de","potentialAction":[{"@type":"ReadAction","target":["https:\/\/cinnamonandcoriander.com\/de\/kooperationen\/"]}]},{"@type":"BreadcrumbList","@id":"https:\/\/cinnamonandcoriander.com\/de\/kooperationen\/#breadcrumb","itemListElement":[{"@type":"ListItem","position":1,"name":"Home","item":"https:\/\/cinnamonandcoriander.com\/de\/"},{"@type":"ListItem","position":2,"name":"Kooperationen"}]},{"@type":"WebSite","@id":"https:\/\/cinnamonandcoriander.com\/de\/#website","url":"https:\/\/cinnamonandcoriander.com\/de\/","name":"Cinnamon&amp;Coriander","description":"multikulturelle Rezepte aus meiner kanadischen K\u00fcche","publisher":{"@id":"https:\/\/cinnamonandcoriander.com\/de\/#organization"},"potentialAction":[{"@type":"SearchAction","target":{"@type":"EntryPoint","urlTemplate":"https:\/\/cinnamonandcoriander.com\/de\/?s={search_term_string}"},"query-input":{"@type":"PropertyValueSpecification","valueRequired":true,"valueName":"search_term_string"}}],"inLanguage":"de"},{"@type":"Organization","@id":"https:\/\/cinnamonandcoriander.com\/de\/#organization","name":"Cinnamon&Coriander","url":"https:\/\/cinnamonandcoriander.com\/de\/","logo":{"@type":"ImageObject","inLanguage":"de","@id":"https:\/\/cinnamonandcoriander.com\/de\/#\/schema\/logo\/image\/","url":"https:\/\/cinnamonandcoriander.com\/wp-content\/uploads\/2023\/09\/logo-yoast.png","contentUrl":"https:\/\/cinnamonandcoriander.com\/wp-content\/uploads\/2023\/09\/logo-yoast.png","width":566,"height":566,"caption":"Cinnamon&Coriander"},"image":{"@id":"https:\/\/cinnamonandcoriander.com\/de\/#\/schema\/logo\/image\/"},"sameAs":["https:\/\/www.facebook.com\/cinnamonandcoriander\/","https:\/\/www.instagram.com\/cinnamonandcoriander\/","https:\/\/pinterest.com\/kikisurlechamp\/"]}]}},"_links":{"self":[{"href":"https:\/\/cinnamonandcoriander.com\/de\/wp-json\/wp\/v2\/pages\/271","targetHints":{"allow":["GET"]}}],"collection":[{"href":"https:\/\/cinnamonandcoriander.com\/de\/wp-json\/wp\/v2\/pages"}],"about":[{"href":"https:\/\/cinnamonandcoriander.com\/de\/wp-json\/wp\/v2\/types\/page"}],"author":[{"embeddable":true,"href":"https:\/\/cinnamonandcoriander.com\/de\/wp-json\/wp\/v2\/users\/1"}],"replies":[{"embeddable":true,"href":"https:\/\/cinnamonandcoriander.com\/de\/wp-json\/wp\/v2\/comments?post=271"}],"version-history":[{"count":0,"href":"https:\/\/cinnamonandcoriander.com\/de\/wp-json\/wp\/v2\/pages\/271\/revisions"}],"wp:attachment":[{"href":"https:\/\/cinnamonandcoriander.com\/de\/wp-json\/wp\/v2\/media?parent=271"}],"curies":[{"name":"wp","href":"https:\/\/api.w.org\/{rel}","templated":true}]}}